{"id":10925,"date":"2022-06-07T01:29:39","date_gmt":"2022-06-07T01:29:39","guid":{"rendered":"https:\/\/esperanza.travel\/acerca-de\/"},"modified":"2024-12-30T13:38:00","modified_gmt":"2024-12-30T13:38:00","slug":"acerca-de","status":"publish","type":"page","link":"https:\/\/esperanza.travel\/es\/acerca-de\/","title":{"rendered":"Acerca de"},"content":{"rendered":"\t\t<div data-elementor-type=\"wp-page\" data-elementor-id=\"10925\" class=\"elementor elementor-10925 elementor-297\">\n\t\t\t\t\t\t<section class=\"elementor-section elementor-top-section elementor-element elementor-element-d068c9f elementor-section-full_width elementor-section-height-min-height elementor-section-height-default elementor-section-items-middle\" data-id=\"d068c9f\" data-element_type=\"section\" data-settings=\"{&quot;background_background&quot;:&quot;classic&quot;}\">\n\t\t\t\t\t\t\t<div class=\"elementor-background-overlay\"><\/div>\n\t\t\t\t\t\t\t<div class=\"elementor-container elementor-column-gap-default\">\n\t\t\t\t\t<div class=\"elementor-column elementor-col-100 elementor-top-column elementor-element elementor-element-5ddf38e8\" data-id=\"5ddf38e8\" data-element_type=\"column\">\n\t\t\t<div class=\"elementor-widget-wrap elementor-element-populated\">\n\t\t\t\t\t\t<div class=\"elementor-element elementor-element-d803e71 elementor-widget elementor-widget-heading\" data-id=\"d803e71\" data-element_type=\"widget\" data-widget_type=\"heading.default\">\n\t\t\t\t<div class=\"elementor-widget-container\">\n\t\t\t\t\t<h2 class=\"elementor-heading-title elementor-size-default\">Con Esperanza \u00a1Descubre Egipto como nunca!<\/h2>\t\t\t\t<\/div>\n\t\t\t\t<\/div>\n\t\t\t\t\t<\/div>\n\t\t<\/div>\n\t\t\t\t\t<\/div>\n\t\t<\/section>\n\t\t<div class=\"elementor-element elementor-element-7090ccf e-flex e-con-boxed e-con e-parent\" data-id=\"7090ccf\" data-element_type=\"container\">\n\t\t\t\t\t<div class=\"e-con-inner\">\n\t\t\t\t<div class=\"elementor-element elementor-element-eaec85d elementor-widget elementor-widget-heading\" data-id=\"eaec85d\" data-element_type=\"widget\" data-widget_type=\"heading.default\">\n\t\t\t\t<div class=\"elementor-widget-container\">\n\t\t\t\t\t<h2 class=\"elementor-heading-title elementor-size-default\">Sobre Esperanza<\/h2>\t\t\t\t<\/div>\n\t\t\t\t<\/div>\n\t\t\t\t<div class=\"elementor-element elementor-element-891c502 elementor-widget elementor-widget-heading\" data-id=\"891c502\" data-element_type=\"widget\" data-widget_type=\"heading.default\">\n\t\t\t\t<div class=\"elementor-widget-container\">\n\t\t\t\t\t<p class=\"elementor-heading-title elementor-size-default\">Somos una agencia creada en 2010 para organizar todo tipo de viajes y desplazamientos en Oriente Medio con el n\u00famero de licencia 1879 y el n\u00famero de Iata 90261802. trabajamos con la mejor cualificacion y responsabilidad y larga experiencia de nuestro equipo de trabajo para ayudar y asistir a ofrecer para usted los mejores servicios para nuestros huespedes que vienen a nosotros de todo el mundo para disfrutar de nuestros servicios. Prometemos mostrarte y darte todo lo mejor.<\/p>\t\t\t\t<\/div>\n\t\t\t\t<\/div>\n\t\t\t\t\t<\/div>\n\t\t\t\t<\/div>\n\t\t<div class=\"elementor-element elementor-element-1a0d1b9 e-flex e-con-boxed e-con e-parent\" data-id=\"1a0d1b9\" data-element_type=\"container\">\n\t\t\t\t\t<div class=\"e-con-inner\">\n\t\t<div class=\"elementor-element elementor-element-12ac400 e-con-full e-flex e-con e-child\" data-id=\"12ac400\" data-element_type=\"container\">\n\t\t\t\t<div class=\"elementor-element elementor-element-571b3a8 elementor-widget elementor-widget-heading\" data-id=\"571b3a8\" data-element_type=\"widget\" data-widget_type=\"heading.default\">\n\t\t\t\t<div class=\"elementor-widget-container\">\n\t\t\t\t\t<h3 class=\"elementor-heading-title elementor-size-default\">Nuestra misi\u00f3n<\/h3>\t\t\t\t<\/div>\n\t\t\t\t<\/div>\n\t\t\t\t<div class=\"elementor-element elementor-element-fc36dc0 elementor-widget elementor-widget-heading\" data-id=\"fc36dc0\" data-element_type=\"widget\" data-widget_type=\"heading.default\">\n\t\t\t\t<div class=\"elementor-widget-container\">\n\t\t\t\t\t<p class=\"elementor-heading-title elementor-size-default\">Mantener el excelente nivel de capital humano de la Empresa, a trav\u00e9s de la inversi\u00f3n en nuevos servicios, determinar la excelencia en el servicio al cliente que conduzca al establecimiento de relaciones a largo plazo con nuestros clientes a trav\u00e9s de la dedicaci\u00f3n a la innovaci\u00f3n y la tecnolog\u00eda avanzada de ahora en adelante, siendo referencia en el mercado de los viajes y la industria del turismo.<\/p>\t\t\t\t<\/div>\n\t\t\t\t<\/div>\n\t\t\t\t<\/div>\n\t\t<div class=\"elementor-element elementor-element-92d93f3 e-con-full e-flex e-con e-child\" data-id=\"92d93f3\" data-element_type=\"container\">\n\t\t<div class=\"elementor-element elementor-element-9b10223 e-con-full e-flex e-con e-child\" data-id=\"9b10223\" data-element_type=\"container\">\n\t\t\t\t<div class=\"elementor-element elementor-element-6b3ec11 elementor-widget elementor-widget-heading\" data-id=\"6b3ec11\" data-element_type=\"widget\" data-widget_type=\"heading.default\">\n\t\t\t\t<div class=\"elementor-widget-container\">\n\t\t\t\t\t<h3 class=\"elementor-heading-title elementor-size-default\">Nuestra visi\u00f3n<\/h3>\t\t\t\t<\/div>\n\t\t\t\t<\/div>\n\t\t\t\t<div class=\"elementor-element elementor-element-c6ac612 elementor-widget elementor-widget-heading\" data-id=\"c6ac612\" data-element_type=\"widget\" data-widget_type=\"heading.default\">\n\t\t\t\t<div class=\"elementor-widget-container\">\n\t\t\t\t\t<p class=\"elementor-heading-title elementor-size-default\">Proporcionar servicios de calidad que superen las expectativas de nuestros estimados clientes y ser reconocidos como una de las mejores agencias de viajes de Oriente Medio por nuestra profesionalidad, eficacia, alta calidad y servicios personalizados.<\/p>\t\t\t\t<\/div>\n\t\t\t\t<\/div>\n\t\t\t\t<\/div>\n\t\t<div class=\"elementor-element elementor-element-3683d07 e-con-full e-flex e-con e-child\" data-id=\"3683d07\" data-element_type=\"container\">\n\t\t\t\t<div class=\"elementor-element elementor-element-57fb657 elementor-widget elementor-widget-heading\" data-id=\"57fb657\" data-element_type=\"widget\" data-widget_type=\"heading.default\">\n\t\t\t\t<div class=\"elementor-widget-container\">\n\t\t\t\t\t<h3 class=\"elementor-heading-title elementor-size-default\">Nuestro objetivo<\/h3>\t\t\t\t<\/div>\n\t\t\t\t<\/div>\n\t\t\t\t<div class=\"elementor-element elementor-element-e87e07e elementor-widget elementor-widget-heading\" data-id=\"e87e07e\" data-element_type=\"widget\" data-widget_type=\"heading.default\">\n\t\t\t\t<div class=\"elementor-widget-container\">\n\t\t\t\t\t<p class=\"elementor-heading-title elementor-size-default\">Estilo tambi\u00e9n propio civil a lo largo. Perfectamente ofensivo intento a\u00f1adir arreglar edad caballero concluy\u00f3. Consigue que infrecuentemente nuestra expresi\u00f3n diez aumento considerado viajes ocasionales.<\/p>\t\t\t\t<\/div>\n\t\t\t\t<\/div>\n\t\t\t\t<\/div>\n\t\t\t\t<\/div>\n\t\t\t\t\t<\/div>\n\t\t\t\t<\/div>\n\t\t\t\t<\/div>\n\t\t","protected":false},"excerpt":{"rendered":"<p>Con Esperanza \u00a1Descubre Egipto como nunca! Sobre Esperanza Somos una agencia creada en 2010 para organizar todo tipo de viajes y desplazamientos en Oriente Medio con el n\u00famero de licencia 1879 y el n\u00famero de Iata 90261802. trabajamos con la mejor cualificacion y responsabilidad y larga experiencia de nuestro equipo de trabajo para ayudar y [&hellip;]<\/p>\n","protected":false},"author":1,"featured_media":0,"parent":0,"menu_order":0,"comment_status":"closed","ping_status":"closed","template":"template-blank.php","meta":{"footnotes":""},"class_list":["post-10925","page","type-page","status-publish","has-post-thumbnail","hentry"],"yoast_head":"<!-- This site is optimized with the Yoast SEO Premium plugin v27.0 (Yoast SEO v27.4) - https:\/\/yoast.com\/product\/yoast-seo-premium-wordpress\/ -->\n<title>Acerca de - Esperanza Travel<\/title>\n<meta name=\"robots\" content=\"index, follow, max-snippet:-1, max-image-preview:large, max-video-preview:-1\" \/>\n<link rel=\"canonical\" href=\"https:\/\/esperanza.travel\/es\/acerca-de\/\" \/>\n<meta property=\"og:locale\" content=\"es_ES\" \/>\n<meta property=\"og:type\" content=\"article\" \/>\n<meta property=\"og:title\" content=\"Acerca de\" \/>\n<meta property=\"og:description\" content=\"Con Esperanza \u00a1Descubre Egipto como nunca! Sobre Esperanza Somos una agencia creada en 2010 para organizar todo tipo de viajes y desplazamientos en Oriente Medio con el n\u00famero de licencia 1879 y el n\u00famero de Iata 90261802. trabajamos con la mejor cualificacion y responsabilidad y larga experiencia de nuestro equipo de trabajo para ayudar y [&hellip;]\" \/>\n<meta property=\"og:url\" content=\"https:\/\/esperanza.travel\/es\/acerca-de\/\" \/>\n<meta property=\"og:site_name\" content=\"Esperanza Travel\" \/>\n<meta property=\"article:modified_time\" content=\"2024-12-30T13:38:00+00:00\" \/>\n<meta name=\"twitter:card\" content=\"summary_large_image\" \/>\n<meta name=\"twitter:label1\" content=\"Tiempo de lectura\" \/>\n\t<meta name=\"twitter:data1\" content=\"1 minuto\" \/>\n<script type=\"application\/ld+json\" class=\"yoast-schema-graph\">{\"@context\":\"https:\\\/\\\/schema.org\",\"@graph\":[{\"@type\":\"WebPage\",\"@id\":\"https:\\\/\\\/esperanza.travel\\\/es\\\/acerca-de\\\/\",\"url\":\"https:\\\/\\\/esperanza.travel\\\/es\\\/acerca-de\\\/\",\"name\":\"Acerca de - Esperanza Travel\",\"isPartOf\":{\"@id\":\"https:\\\/\\\/esperanza.travel\\\/#website\"},\"datePublished\":\"2022-06-07T01:29:39+00:00\",\"dateModified\":\"2024-12-30T13:38:00+00:00\",\"breadcrumb\":{\"@id\":\"https:\\\/\\\/esperanza.travel\\\/es\\\/acerca-de\\\/#breadcrumb\"},\"inLanguage\":\"es\",\"potentialAction\":[{\"@type\":\"ReadAction\",\"target\":[\"https:\\\/\\\/esperanza.travel\\\/es\\\/acerca-de\\\/\"]}]},{\"@type\":\"BreadcrumbList\",\"@id\":\"https:\\\/\\\/esperanza.travel\\\/es\\\/acerca-de\\\/#breadcrumb\",\"itemListElement\":[{\"@type\":\"ListItem\",\"position\":1,\"name\":\"Home\",\"item\":\"https:\\\/\\\/esperanza.travel\\\/es\\\/\"},{\"@type\":\"ListItem\",\"position\":2,\"name\":\"Acerca de\"}]},{\"@type\":\"WebSite\",\"@id\":\"https:\\\/\\\/esperanza.travel\\\/#website\",\"url\":\"https:\\\/\\\/esperanza.travel\\\/\",\"name\":\"Esperanza Travel\",\"description\":\"Your Go-To Travel Agency\",\"potentialAction\":[{\"@type\":\"SearchAction\",\"target\":{\"@type\":\"EntryPoint\",\"urlTemplate\":\"https:\\\/\\\/esperanza.travel\\\/?s={search_term_string}\"},\"query-input\":{\"@type\":\"PropertyValueSpecification\",\"valueRequired\":true,\"valueName\":\"search_term_string\"}}],\"inLanguage\":\"es\"}]}<\/script>\n<!-- \/ Yoast SEO Premium plugin. -->","yoast_head_json":{"title":"Acerca de - Esperanza Travel","robots":{"index":"index","follow":"follow","max-snippet":"max-snippet:-1","max-image-preview":"max-image-preview:large","max-video-preview":"max-video-preview:-1"},"canonical":"https:\/\/esperanza.travel\/es\/acerca-de\/","og_locale":"es_ES","og_type":"article","og_title":"Acerca de","og_description":"Con Esperanza \u00a1Descubre Egipto como nunca! Sobre Esperanza Somos una agencia creada en 2010 para organizar todo tipo de viajes y desplazamientos en Oriente Medio con el n\u00famero de licencia 1879 y el n\u00famero de Iata 90261802. trabajamos con la mejor cualificacion y responsabilidad y larga experiencia de nuestro equipo de trabajo para ayudar y [&hellip;]","og_url":"https:\/\/esperanza.travel\/es\/acerca-de\/","og_site_name":"Esperanza Travel","article_modified_time":"2024-12-30T13:38:00+00:00","twitter_card":"summary_large_image","twitter_misc":{"Tiempo de lectura":"1 minuto"},"schema":{"@context":"https:\/\/schema.org","@graph":[{"@type":"WebPage","@id":"https:\/\/esperanza.travel\/es\/acerca-de\/","url":"https:\/\/esperanza.travel\/es\/acerca-de\/","name":"Acerca de - Esperanza Travel","isPartOf":{"@id":"https:\/\/esperanza.travel\/#website"},"datePublished":"2022-06-07T01:29:39+00:00","dateModified":"2024-12-30T13:38:00+00:00","breadcrumb":{"@id":"https:\/\/esperanza.travel\/es\/acerca-de\/#breadcrumb"},"inLanguage":"es","potentialAction":[{"@type":"ReadAction","target":["https:\/\/esperanza.travel\/es\/acerca-de\/"]}]},{"@type":"BreadcrumbList","@id":"https:\/\/esperanza.travel\/es\/acerca-de\/#breadcrumb","itemListElement":[{"@type":"ListItem","position":1,"name":"Home","item":"https:\/\/esperanza.travel\/es\/"},{"@type":"ListItem","position":2,"name":"Acerca de"}]},{"@type":"WebSite","@id":"https:\/\/esperanza.travel\/#website","url":"https:\/\/esperanza.travel\/","name":"Esperanza Travel","description":"Your Go-To Travel Agency","potentialAction":[{"@type":"SearchAction","target":{"@type":"EntryPoint","urlTemplate":"https:\/\/esperanza.travel\/?s={search_term_string}"},"query-input":{"@type":"PropertyValueSpecification","valueRequired":true,"valueName":"search_term_string"}}],"inLanguage":"es"}]}},"_links":{"self":[{"href":"https:\/\/esperanza.travel\/es\/wp-json\/wp\/v2\/pages\/10925","targetHints":{"allow":["GET"]}}],"collection":[{"href":"https:\/\/esperanza.travel\/es\/wp-json\/wp\/v2\/pages"}],"about":[{"href":"https:\/\/esperanza.travel\/es\/wp-json\/wp\/v2\/types\/page"}],"author":[{"embeddable":true,"href":"https:\/\/esperanza.travel\/es\/wp-json\/wp\/v2\/users\/1"}],"replies":[{"embeddable":true,"href":"https:\/\/esperanza.travel\/es\/wp-json\/wp\/v2\/comments?post=10925"}],"version-history":[{"count":1,"href":"https:\/\/esperanza.travel\/es\/wp-json\/wp\/v2\/pages\/10925\/revisions"}],"predecessor-version":[{"id":10927,"href":"https:\/\/esperanza.travel\/es\/wp-json\/wp\/v2\/pages\/10925\/revisions\/10927"}],"wp:attachment":[{"href":"https:\/\/esperanza.travel\/es\/wp-json\/wp\/v2\/media?parent=10925"}],"curies":[{"name":"wp","href":"https:\/\/api.w.org\/{rel}","templated":true}]}}