{"id":10920,"date":"2022-06-07T01:29:39","date_gmt":"2022-06-07T01:29:39","guid":{"rendered":"https:\/\/esperanza.travel\/informazioni-su\/"},"modified":"2024-12-31T13:00:07","modified_gmt":"2024-12-31T13:00:07","slug":"informazioni-su","status":"publish","type":"page","link":"https:\/\/esperanza.travel\/it\/informazioni-su\/","title":{"rendered":"Informazioni su"},"content":{"rendered":"\t\t<div data-elementor-type=\"wp-page\" data-elementor-id=\"10920\" class=\"elementor elementor-10920 elementor-297\">\n\t\t\t\t\t\t<section class=\"elementor-section elementor-top-section elementor-element elementor-element-d068c9f elementor-section-full_width elementor-section-height-min-height elementor-section-height-default elementor-section-items-middle\" data-id=\"d068c9f\" data-element_type=\"section\" data-settings=\"{&quot;background_background&quot;:&quot;classic&quot;}\">\n\t\t\t\t\t\t\t<div class=\"elementor-background-overlay\"><\/div>\n\t\t\t\t\t\t\t<div class=\"elementor-container elementor-column-gap-default\">\n\t\t\t\t\t<div class=\"elementor-column elementor-col-100 elementor-top-column elementor-element elementor-element-5ddf38e8\" data-id=\"5ddf38e8\" data-element_type=\"column\">\n\t\t\t<div class=\"elementor-widget-wrap elementor-element-populated\">\n\t\t\t\t\t\t<div class=\"elementor-element elementor-element-d803e71 elementor-widget elementor-widget-heading\" data-id=\"d803e71\" data-element_type=\"widget\" data-widget_type=\"heading.default\">\n\t\t\t\t<div class=\"elementor-widget-container\">\n\t\t\t\t\t<h2 class=\"elementor-heading-title elementor-size-default\">Con Esperanza scopri l'Egitto come mai prima d'ora!<\/h2>\t\t\t\t<\/div>\n\t\t\t\t<\/div>\n\t\t\t\t\t<\/div>\n\t\t<\/div>\n\t\t\t\t\t<\/div>\n\t\t<\/section>\n\t\t<div class=\"elementor-element elementor-element-7090ccf e-flex e-con-boxed e-con e-parent\" data-id=\"7090ccf\" data-element_type=\"container\">\n\t\t\t\t\t<div class=\"e-con-inner\">\n\t\t\t\t<div class=\"elementor-element elementor-element-eaec85d elementor-widget elementor-widget-heading\" data-id=\"eaec85d\" data-element_type=\"widget\" data-widget_type=\"heading.default\">\n\t\t\t\t<div class=\"elementor-widget-container\">\n\t\t\t\t\t<h2 class=\"elementor-heading-title elementor-size-default\">Informazioni su Esperanza<\/h2>\t\t\t\t<\/div>\n\t\t\t\t<\/div>\n\t\t\t\t<div class=\"elementor-element elementor-element-891c502 elementor-widget elementor-widget-heading\" data-id=\"891c502\" data-element_type=\"widget\" data-widget_type=\"heading.default\">\n\t\t\t\t<div class=\"elementor-widget-container\">\n\t\t\t\t\t<p class=\"elementor-heading-title elementor-size-default\">Siamo un'agenzia fondata nel 2010 per l'organizzazione di tutti i tipi di viaggi e spostamenti in Medio Oriente con licenza numero 1879 e numero Iata 90261802. lavoriamo con le migliori qualifiche, la responsabilit\u00e0 e la lunga esperienza del nostro team per aiutarvi e assistervi a offrire i migliori servizi per i nostri ospiti che vengono da tutto il mondo per godere dei nostri servizi. Promettiamo di mostrarti e darti tutto il meglio.<\/p>\t\t\t\t<\/div>\n\t\t\t\t<\/div>\n\t\t\t\t\t<\/div>\n\t\t\t\t<\/div>\n\t\t<div class=\"elementor-element elementor-element-1a0d1b9 e-flex e-con-boxed e-con e-parent\" data-id=\"1a0d1b9\" data-element_type=\"container\">\n\t\t\t\t\t<div class=\"e-con-inner\">\n\t\t<div class=\"elementor-element elementor-element-12ac400 e-con-full e-flex e-con e-child\" data-id=\"12ac400\" data-element_type=\"container\">\n\t\t\t\t<div class=\"elementor-element elementor-element-571b3a8 elementor-widget elementor-widget-heading\" data-id=\"571b3a8\" data-element_type=\"widget\" data-widget_type=\"heading.default\">\n\t\t\t\t<div class=\"elementor-widget-container\">\n\t\t\t\t\t<h3 class=\"elementor-heading-title elementor-size-default\">La nostra missione<\/h3>\t\t\t\t<\/div>\n\t\t\t\t<\/div>\n\t\t\t\t<div class=\"elementor-element elementor-element-fc36dc0 elementor-widget elementor-widget-heading\" data-id=\"fc36dc0\" data-element_type=\"widget\" data-widget_type=\"heading.default\">\n\t\t\t\t<div class=\"elementor-widget-container\">\n\t\t\t\t\t<p class=\"elementor-heading-title elementor-size-default\">Mantenere l'eccellente livello di capitale umano dell'azienda, attraverso l'investimento in nuovi servizi, determinare l'eccellenza nel servizio al cliente e stabilire relazioni a lungo termine con i nostri clienti attraverso la dedizione all'innovazione e alla tecnologia avanzata, essendo d'ora in poi un punto di riferimento nel mercato dei viaggi e nell'industria del turismo.<\/p>\t\t\t\t<\/div>\n\t\t\t\t<\/div>\n\t\t\t\t<\/div>\n\t\t<div class=\"elementor-element elementor-element-92d93f3 e-con-full e-flex e-con e-child\" data-id=\"92d93f3\" data-element_type=\"container\">\n\t\t<div class=\"elementor-element elementor-element-9b10223 e-con-full e-flex e-con e-child\" data-id=\"9b10223\" data-element_type=\"container\">\n\t\t\t\t<div class=\"elementor-element elementor-element-6b3ec11 elementor-widget elementor-widget-heading\" data-id=\"6b3ec11\" data-element_type=\"widget\" data-widget_type=\"heading.default\">\n\t\t\t\t<div class=\"elementor-widget-container\">\n\t\t\t\t\t<h3 class=\"elementor-heading-title elementor-size-default\">La nostra visione<\/h3>\t\t\t\t<\/div>\n\t\t\t\t<\/div>\n\t\t\t\t<div class=\"elementor-element elementor-element-c6ac612 elementor-widget elementor-widget-heading\" data-id=\"c6ac612\" data-element_type=\"widget\" data-widget_type=\"heading.default\">\n\t\t\t\t<div class=\"elementor-widget-container\">\n\t\t\t\t\t<p class=\"elementor-heading-title elementor-size-default\">Fornire servizi di qualit\u00e0 che superino le aspettative dei nostri stimati clienti ed essere riconosciuti come una delle migliori agenzie di viaggio del Medio Oriente per la nostra professionalit\u00e0, efficienza, alta qualit\u00e0 e servizi personalizzati.<\/p>\t\t\t\t<\/div>\n\t\t\t\t<\/div>\n\t\t\t\t<\/div>\n\t\t<div class=\"elementor-element elementor-element-3683d07 e-con-full e-flex e-con e-child\" data-id=\"3683d07\" data-element_type=\"container\">\n\t\t\t\t<div class=\"elementor-element elementor-element-57fb657 elementor-widget elementor-widget-heading\" data-id=\"57fb657\" data-element_type=\"widget\" data-widget_type=\"heading.default\">\n\t\t\t\t<div class=\"elementor-widget-container\">\n\t\t\t\t\t<h3 class=\"elementor-heading-title elementor-size-default\">Il nostro obiettivo<\/h3>\t\t\t\t<\/div>\n\t\t\t\t<\/div>\n\t\t\t\t<div class=\"elementor-element elementor-element-e87e07e elementor-widget elementor-widget-heading\" data-id=\"e87e07e\" data-element_type=\"widget\" data-widget_type=\"heading.default\">\n\t\t\t\t<div class=\"elementor-widget-container\">\n\t\t\t\t\t<p class=\"elementor-heading-title elementor-size-default\">Anche lo stile \u00e8 civile. Il tentativo di aggiungere l'et\u00e0 del gentiluomo \u00e8 stato perfettamente offensivo e concluso. Chi non \u00e8 abituato a usare l'espressione \"dieci\" \u00e8 sempre pi\u00f9 considerato un viaggiatore occasionale.<\/p>\t\t\t\t<\/div>\n\t\t\t\t<\/div>\n\t\t\t\t<\/div>\n\t\t\t\t<\/div>\n\t\t\t\t\t<\/div>\n\t\t\t\t<\/div>\n\t\t\t\t<\/div>\n\t\t","protected":false},"excerpt":{"rendered":"<p>Con Esperanza scopri l&#8217;Egitto come mai prima d&#8217;ora! Informazioni su Esperanza Siamo un&#8217;agenzia fondata nel 2010 per l&#8217;organizzazione di tutti i tipi di viaggi e spostamenti in Medio Oriente con licenza numero 1879 e numero Iata 90261802. lavoriamo con le migliori qualifiche, la responsabilit\u00e0 e la lunga esperienza del nostro team per aiutarvi e assistervi [&hellip;]<\/p>\n","protected":false},"author":1,"featured_media":0,"parent":0,"menu_order":0,"comment_status":"closed","ping_status":"closed","template":"template-blank.php","meta":{"footnotes":""},"class_list":["post-10920","page","type-page","status-publish","has-post-thumbnail","hentry"],"yoast_head":"<!-- This site is optimized with the Yoast SEO Premium plugin v27.0 (Yoast SEO v27.4) - https:\/\/yoast.com\/product\/yoast-seo-premium-wordpress\/ -->\n<title>Informazioni su - Esperanza Travel<\/title>\n<meta name=\"robots\" content=\"index, follow, max-snippet:-1, max-image-preview:large, max-video-preview:-1\" \/>\n<link rel=\"canonical\" href=\"https:\/\/esperanza.travel\/it\/informazioni-su\/\" \/>\n<meta property=\"og:locale\" content=\"it_IT\" \/>\n<meta property=\"og:type\" content=\"article\" \/>\n<meta property=\"og:title\" content=\"Informazioni su\" \/>\n<meta property=\"og:description\" content=\"Con Esperanza scopri l&#8217;Egitto come mai prima d&#8217;ora! Informazioni su Esperanza Siamo un&#8217;agenzia fondata nel 2010 per l&#8217;organizzazione di tutti i tipi di viaggi e spostamenti in Medio Oriente con licenza numero 1879 e numero Iata 90261802. lavoriamo con le migliori qualifiche, la responsabilit\u00e0 e la lunga esperienza del nostro team per aiutarvi e assistervi [&hellip;]\" \/>\n<meta property=\"og:url\" content=\"https:\/\/esperanza.travel\/it\/informazioni-su\/\" \/>\n<meta property=\"og:site_name\" content=\"Esperanza Travel\" \/>\n<meta property=\"article:modified_time\" content=\"2024-12-31T13:00:07+00:00\" \/>\n<meta name=\"twitter:card\" content=\"summary_large_image\" \/>\n<meta name=\"twitter:label1\" content=\"Tempo di lettura stimato\" \/>\n\t<meta name=\"twitter:data1\" content=\"1 minuto\" \/>\n<script type=\"application\/ld+json\" class=\"yoast-schema-graph\">{\"@context\":\"https:\\\/\\\/schema.org\",\"@graph\":[{\"@type\":\"WebPage\",\"@id\":\"https:\\\/\\\/esperanza.travel\\\/it\\\/informazioni-su\\\/\",\"url\":\"https:\\\/\\\/esperanza.travel\\\/it\\\/informazioni-su\\\/\",\"name\":\"Informazioni su - Esperanza Travel\",\"isPartOf\":{\"@id\":\"https:\\\/\\\/esperanza.travel\\\/#website\"},\"datePublished\":\"2022-06-07T01:29:39+00:00\",\"dateModified\":\"2024-12-31T13:00:07+00:00\",\"breadcrumb\":{\"@id\":\"https:\\\/\\\/esperanza.travel\\\/it\\\/informazioni-su\\\/#breadcrumb\"},\"inLanguage\":\"it-IT\",\"potentialAction\":[{\"@type\":\"ReadAction\",\"target\":[\"https:\\\/\\\/esperanza.travel\\\/it\\\/informazioni-su\\\/\"]}]},{\"@type\":\"BreadcrumbList\",\"@id\":\"https:\\\/\\\/esperanza.travel\\\/it\\\/informazioni-su\\\/#breadcrumb\",\"itemListElement\":[{\"@type\":\"ListItem\",\"position\":1,\"name\":\"Home\",\"item\":\"https:\\\/\\\/esperanza.travel\\\/it\\\/\"},{\"@type\":\"ListItem\",\"position\":2,\"name\":\"Informazioni su\"}]},{\"@type\":\"WebSite\",\"@id\":\"https:\\\/\\\/esperanza.travel\\\/#website\",\"url\":\"https:\\\/\\\/esperanza.travel\\\/\",\"name\":\"Esperanza Travel\",\"description\":\"Your Go-To Travel Agency \",\"potentialAction\":[{\"@type\":\"SearchAction\",\"target\":{\"@type\":\"EntryPoint\",\"urlTemplate\":\"https:\\\/\\\/esperanza.travel\\\/?s={search_term_string}\"},\"query-input\":{\"@type\":\"PropertyValueSpecification\",\"valueRequired\":true,\"valueName\":\"search_term_string\"}}],\"inLanguage\":\"it-IT\"}]}<\/script>\n<!-- \/ Yoast SEO Premium plugin. -->","yoast_head_json":{"title":"Informazioni su - Esperanza Travel","robots":{"index":"index","follow":"follow","max-snippet":"max-snippet:-1","max-image-preview":"max-image-preview:large","max-video-preview":"max-video-preview:-1"},"canonical":"https:\/\/esperanza.travel\/it\/informazioni-su\/","og_locale":"it_IT","og_type":"article","og_title":"Informazioni su","og_description":"Con Esperanza scopri l&#8217;Egitto come mai prima d&#8217;ora! Informazioni su Esperanza Siamo un&#8217;agenzia fondata nel 2010 per l&#8217;organizzazione di tutti i tipi di viaggi e spostamenti in Medio Oriente con licenza numero 1879 e numero Iata 90261802. lavoriamo con le migliori qualifiche, la responsabilit\u00e0 e la lunga esperienza del nostro team per aiutarvi e assistervi [&hellip;]","og_url":"https:\/\/esperanza.travel\/it\/informazioni-su\/","og_site_name":"Esperanza Travel","article_modified_time":"2024-12-31T13:00:07+00:00","twitter_card":"summary_large_image","twitter_misc":{"Tempo di lettura stimato":"1 minuto"},"schema":{"@context":"https:\/\/schema.org","@graph":[{"@type":"WebPage","@id":"https:\/\/esperanza.travel\/it\/informazioni-su\/","url":"https:\/\/esperanza.travel\/it\/informazioni-su\/","name":"Informazioni su - Esperanza Travel","isPartOf":{"@id":"https:\/\/esperanza.travel\/#website"},"datePublished":"2022-06-07T01:29:39+00:00","dateModified":"2024-12-31T13:00:07+00:00","breadcrumb":{"@id":"https:\/\/esperanza.travel\/it\/informazioni-su\/#breadcrumb"},"inLanguage":"it-IT","potentialAction":[{"@type":"ReadAction","target":["https:\/\/esperanza.travel\/it\/informazioni-su\/"]}]},{"@type":"BreadcrumbList","@id":"https:\/\/esperanza.travel\/it\/informazioni-su\/#breadcrumb","itemListElement":[{"@type":"ListItem","position":1,"name":"Home","item":"https:\/\/esperanza.travel\/it\/"},{"@type":"ListItem","position":2,"name":"Informazioni su"}]},{"@type":"WebSite","@id":"https:\/\/esperanza.travel\/#website","url":"https:\/\/esperanza.travel\/","name":"Esperanza Travel","description":"Your Go-To Travel Agency ","potentialAction":[{"@type":"SearchAction","target":{"@type":"EntryPoint","urlTemplate":"https:\/\/esperanza.travel\/?s={search_term_string}"},"query-input":{"@type":"PropertyValueSpecification","valueRequired":true,"valueName":"search_term_string"}}],"inLanguage":"it-IT"}]}},"_links":{"self":[{"href":"https:\/\/esperanza.travel\/it\/wp-json\/wp\/v2\/pages\/10920","targetHints":{"allow":["GET"]}}],"collection":[{"href":"https:\/\/esperanza.travel\/it\/wp-json\/wp\/v2\/pages"}],"about":[{"href":"https:\/\/esperanza.travel\/it\/wp-json\/wp\/v2\/types\/page"}],"author":[{"embeddable":true,"href":"https:\/\/esperanza.travel\/it\/wp-json\/wp\/v2\/users\/1"}],"replies":[{"embeddable":true,"href":"https:\/\/esperanza.travel\/it\/wp-json\/wp\/v2\/comments?post=10920"}],"version-history":[{"count":1,"href":"https:\/\/esperanza.travel\/it\/wp-json\/wp\/v2\/pages\/10920\/revisions"}],"predecessor-version":[{"id":10921,"href":"https:\/\/esperanza.travel\/it\/wp-json\/wp\/v2\/pages\/10920\/revisions\/10921"}],"wp:attachment":[{"href":"https:\/\/esperanza.travel\/it\/wp-json\/wp\/v2\/media?parent=10920"}],"curies":[{"name":"wp","href":"https:\/\/api.w.org\/{rel}","templated":true}]}}