{"id":10989,"date":"2024-12-22T14:12:30","date_gmt":"2024-12-22T14:12:30","guid":{"rendered":"https:\/\/esperanza.travel\/terms-conditions\/"},"modified":"2024-12-30T15:25:03","modified_gmt":"2024-12-30T15:25:03","slug":"terms-conditions","status":"publish","type":"page","link":"https:\/\/esperanza.travel\/it\/terms-conditions\/","title":{"rendered":"Terms &amp; Conditions"},"content":{"rendered":"\t\t<div data-elementor-type=\"wp-page\" data-elementor-id=\"10989\" class=\"elementor elementor-10989 elementor-10240\">\n\t\t\t\t<div class=\"elementor-element elementor-element-019a916 e-flex e-con-boxed e-con e-parent\" data-id=\"019a916\" data-element_type=\"container\">\n\t\t\t\t\t<div class=\"e-con-inner\">\n\t\t\t\t<div class=\"elementor-element elementor-element-cc41a22 elementor-widget elementor-widget-heading\" data-id=\"cc41a22\" data-element_type=\"widget\" data-widget_type=\"heading.default\">\n\t\t\t\t<div class=\"elementor-widget-container\">\n\t\t\t\t\t<h2 class=\"elementor-heading-title elementor-size-default\">Termini e condizioni<\/h2>\t\t\t\t<\/div>\n\t\t\t\t<\/div>\n\t\t\t\t\t<\/div>\n\t\t\t\t<\/div>\n\t\t<div class=\"elementor-element elementor-element-c79449b e-flex e-con-boxed e-con e-parent\" data-id=\"c79449b\" data-element_type=\"container\">\n\t\t\t\t\t<div class=\"e-con-inner\">\n\t\t\t\t<div class=\"elementor-element elementor-element-58ac393 elementor-widget elementor-widget-text-editor\" data-id=\"58ac393\" data-element_type=\"widget\" data-widget_type=\"text-editor.default\">\n\t\t\t\t<div class=\"elementor-widget-container\">\n\t\t\t\t\t\t\t\t\t<p><strong><span style=\"font-size: 14pt;\">Termini e condizioni di prenotazione<\/span><\/strong><\/p>\n<ol>\n<li><span style=\"font-size: 12pt;\">Tutti i nostri programmi si basano su un presupposto: che tutti gli orari, gli itinerari e le visite siano soggetti alle condizioni di sicurezza comunicate dai Ministeri del Turismo, del Turismo e dalle Agenzie Governative.<\/span><\/li>\n<li><span style=\"font-size: 12pt;\">Partenza garantita con un minimo di 2 passeggeri.<\/span><\/li>\n<li><span style=\"font-size: 12pt;\"> Passaporto obbligatorio con validit\u00e0 non inferiore a 6 mesi dalla data di rientro dal viaggio.<\/span><\/li>\n<li><span style=\"font-size: 12pt;\"> I biglietti aerei, quando inclusi nell&#8217;itinerario, vengono emessi con restrizioni e non possono essere rimborsati, anche se il nostro operatore non rispetta le regole delle compagnie aeree dei paesi interessati.<\/span><\/li>\n<li><span style=\"font-size: 12pt;\">I voli nazionali dal Cairo ad Assuan e Luxor partono molto presto la mattina (per questo motivo quel giorno la colazione sar\u00e0 compatta (breakfast box). Se si sceglie di volare pi\u00f9 tardi o da soli, \u00e8 necessario essere informati almeno 45 giorni prima del viaggio.<\/span><\/li>\n<li><span style=\"font-size: 12pt;\">I pasti considerati inclusi sono serviti in ristoranti tipici e di buona qualit\u00e0, ma non includono le bevande.<\/span><\/li>\n<li><span style=\"font-size: 12pt;\">Il cibo della crociera sul Nilo offre men\u00f9 internazionali con piatti tipici orientali e occidentali, bevande escluse.<\/span><\/li>\n<li><span style=\"font-size: 12pt;\">All&#8217;arrivo a destinazione, solitamente ai turisti viene lasciata una mancia, menzionata nel programma, che verr\u00e0 distribuita tra i facchini e i camerieri che hanno lavorato negli hotel e sulla crociera.<\/span><\/li>\n<li><span style=\"font-size: 12pt;\">La sistemazione in hotel soddisfa generalmente i criteri internazionali di check-in e check-out.<\/span><\/li>\n<li><span style=\"font-size: 12pt;\">I biglietti aerei, quando inclusi nell&#8217;itinerario, vengono emessi a tariffe promozionali soggette a restrizioni. Controllare sempre la franchigia bagaglio. <\/span><\/li>\n<li><span style=\"font-size: 12pt;\">I prezzi qui indicati sono soggetti a modifiche senza preavviso e in base alla disponibilit\u00e0 dei posti.<\/span><\/li>\n<li><span style=\"font-size: 12pt;\">Le tariffe sono soggette a modifiche in caso di conferenze, eventi o festivit\u00e0 nelle destinazioni.<\/span><\/li>\n<li><span style=\"font-size: 12pt;\">La colazione inclusa negli itinerari segue gli orari stabiliti dagli hotel. Se dovete lasciare l&#8217;hotel prima dell&#8217;inizio di questo servizio, non verr\u00e0 fornito e non ci sar\u00e0 alcun rimborso. <\/span><\/li>\n<li><span style=\"font-size: 12pt;\">Per motivi operativi, l&#8217;ordine delle visite potrebbe subire modifiche senza preavviso.<\/span><\/li>\n<li><span style=\"font-size: 12pt;\">Le sistemazioni alberghiere previste sono soggette a possibili variazioni in qualsiasi momento, senza preavviso, con sistemazioni alberghiere similari della stessa categoria o superiore, mai inferiore.<\/span><\/li>\n<li><span style=\"font-size: 12pt;\">Questi itinerari vengono solitamente effettuati in gruppi, formati da passeggeri di diverse nazionalit\u00e0 nelle altre destinazioni con una guida che parla portoghese o spagnolo. Nel caso in cui non ci siano altri passeggeri nella data richiesta, il tour partir\u00e0 nello stesso modo, individualmente o in piccoli gruppi, che possono essere composti da persone diverse ogni giorno.  <\/span><\/li>\n<li><span style=\"font-size: 12pt;\">Per piccoli gruppi familiari e di amici, \u00e8 necessario effettuare un nuovo preventivo in <strong>MODALIT\u00c0 GRUPPO PRIVATO.<\/strong><\/span><\/li>\n<li><span style=\"font-size: 12pt;\">Costi di chiamate o trasferimenti verso gli aeroporti a seguito di ritardi o smarrimento bagagli (lo smarrimento dei bagagli \u00e8 di esclusiva responsabilit\u00e0 della compagnia aerea e i costi aggiuntivi derivanti dallo smarrimento saranno addebitati separatamente e verr\u00e0 rilasciata una ricevuta affinch\u00e9 il passeggero possa rimborsare la compagnia assicurativa).<\/span><\/li>\n<li><span style=\"font-size: 12pt;\">Check Early o Check Later (il check-in inizia alle 15:00 del giorno di arrivo e il check-out termina alle 12:00 dell&#8217;ultimo giorno). Ai voli in arrivo prima di tale orario verr\u00e0 addebitata una notte aggiuntiva se i passeggeri desiderano entrare o uscire dalla camera prima dell&#8217;orario stabilito al momento del check-in.<\/span><\/li>\n<li><span style=\"font-size: 12pt;\">I prezzi si basano su un minimo di 2 persone &#8211; per viaggi individuali.<\/span><\/li>\n<li><span style=\"font-size: 12pt;\">I prezzi sono soggetti a variazioni in base al prezzo dei biglietti\/biglietti d&#8217;ingresso ai siti turistici, all&#8217;eventuale aumento del prezzo della benzina o alla svalutazione della moneta.<\/span><\/li>\n<li><span style=\"font-size: 12pt;\">\u00c8 possibile prenotare escursioni facoltative presso le destinazioni tramite la compagnia ricettiva.<\/span><\/li>\n<li><span style=\"font-size: 12pt;\">Emergency telephones available 24 hours a day, 7 days a week.<\/span><\/li>\n<li><span style=\"font-size: 12pt;\">Tutte le prenotazioni dovranno essere pagate tramite bonifico bancario sul nostro conto bancario prima dell&#8217;arrivo dei passeggeri.<\/span><\/li>\n<li><span style=\"font-size: 12pt;\">Esperanza Travel si riserva il diritto di annullare qualsiasi prenotazione se non \u00e8 stato effettuato il pagamento anticipato.<\/span><\/li>\n<li><span style=\"font-size: 12pt;\">Al momento della prenotazione \u00e8 richiesto un acconto pari al 50% del pagamento totale per procedere alla prenotazione degli hotel, dei biglietti dei voli nazionali e dei servizi.<\/span><\/li>\n<li><span style=\"font-size: 12pt;\">Il pagamento rimanente (50%) deve essere effettuato almeno un mese prima dell&#8217;arrivo dei clienti. In caso contrario, Esperanza Travel ha il diritto di non effettuare i servizi per tali clienti, anche se hanno il nostro Voucher e Boucher. <\/span><\/li>\n<\/ol>\n<p><span style=\"font-size: 12pt;\"><strong>Politica di cancellazione<\/strong><\/span><\/p>\n<ul>\n<li><span style=\"font-size: 12pt;\">Se la prenotazione viene annullata un mese o pi\u00f9 prima dell&#8217;arrivo, non verranno addebitate spese di cancellazione (ad eccezione dell&#8217;annullamento dei voli nazionali prenotati, per i quali verr\u00e0 addebitata una penale di cancellazione pari al 50% del prezzo).<\/span><\/li>\n<li><span style=\"font-size: 12pt;\">Se la prenotazione viene annullata un mese prima dell&#8217;arrivo (in alta stagione), verr\u00e0 addebitata una penale di cancellazione pari al 50% del totale del soggiorno.<\/span><\/li>\n<li><span style=\"font-size: 12pt;\">Se la prenotazione viene annullata tra 2 settimane e pochi giorni prima dell&#8217;arrivo, verranno addebitate spese di cancellazione pari al 50% del conto totale.<\/span><\/li>\n<li><span style=\"font-size: 12pt;\">In caso di mancata presentazione senza preavviso, verr\u00e0 addebitato il 50% dell&#8217;importo totale della fattura.<\/span><\/li>\n<\/ul>\n<p><strong><span style=\"font-size: 14pt;\">Nota importante<\/span><\/strong><\/p>\n<ul>\n<li><span style=\"font-size: 12pt;\">Nei giorni liberi, i clienti non hanno a disposizione n\u00e9 il trasporto n\u00e9 una guida locale.<\/span><\/li>\n<\/ul>\n<p><strong><span style=\"font-size: 14pt;\">Reclami<\/span><\/strong><\/p>\n<ul>\n<li><span style=\"font-size: 12pt;\">I passeggeri che ritengono di non aver ricevuto i servizi acquistati nel loro luogo di origine devono presentare una lettera scritta prima di lasciare il paese. Qualsiasi reclamo all&#8217;arrivo nel paese di origine non sar\u00e0 preso in considerazione come descritto sopra. <\/span><\/li>\n<\/ul>\n\t\t\t\t\t\t\t\t<\/div>\n\t\t\t\t<\/div>\n\t\t\t\t\t<\/div>\n\t\t\t\t<\/div>\n\t\t\t\t<\/div>\n\t\t","protected":false},"excerpt":{"rendered":"<p>Termini e condizioni Termini e condizioni di prenotazione Tutti i nostri programmi si basano su un presupposto: che tutti gli orari, gli itinerari e le visite siano soggetti alle condizioni di sicurezza comunicate dai Ministeri del Turismo, del Turismo e dalle Agenzie Governative. Partenza garantita con un minimo di 2 passeggeri. Passaporto obbligatorio con validit\u00e0 [&hellip;]<\/p>\n","protected":false},"author":1,"featured_media":0,"parent":0,"menu_order":0,"comment_status":"closed","ping_status":"closed","template":"template-blank.php","meta":{"footnotes":""},"class_list":["post-10989","page","type-page","status-publish","has-post-thumbnail","hentry"],"yoast_head":"<!-- This site is optimized with the Yoast SEO Premium plugin v27.0 (Yoast SEO v27.4) - https:\/\/yoast.com\/product\/yoast-seo-premium-wordpress\/ -->\n<title>Terms &amp; Conditions - Esperanza Travel<\/title>\n<meta name=\"robots\" content=\"index, follow, max-snippet:-1, max-image-preview:large, max-video-preview:-1\" \/>\n<link rel=\"canonical\" href=\"https:\/\/esperanza.travel\/it\/terms-conditions\/\" \/>\n<meta property=\"og:locale\" content=\"it_IT\" \/>\n<meta property=\"og:type\" content=\"article\" \/>\n<meta property=\"og:title\" content=\"Terms &amp; Conditions\" \/>\n<meta property=\"og:description\" content=\"Termini e condizioni Termini e condizioni di prenotazione Tutti i nostri programmi si basano su un presupposto: che tutti gli orari, gli itinerari e le visite siano soggetti alle condizioni di sicurezza comunicate dai Ministeri del Turismo, del Turismo e dalle Agenzie Governative. Partenza garantita con un minimo di 2 passeggeri. Passaporto obbligatorio con validit\u00e0 [&hellip;]\" \/>\n<meta property=\"og:url\" content=\"https:\/\/esperanza.travel\/it\/terms-conditions\/\" \/>\n<meta property=\"og:site_name\" content=\"Esperanza Travel\" \/>\n<meta property=\"article:modified_time\" content=\"2024-12-30T15:25:03+00:00\" \/>\n<meta name=\"twitter:card\" content=\"summary_large_image\" \/>\n<meta name=\"twitter:label1\" content=\"Tempo di lettura stimato\" \/>\n\t<meta name=\"twitter:data1\" content=\"4 minuti\" \/>\n<script type=\"application\/ld+json\" class=\"yoast-schema-graph\">{\"@context\":\"https:\\\/\\\/schema.org\",\"@graph\":[{\"@type\":\"WebPage\",\"@id\":\"https:\\\/\\\/esperanza.travel\\\/it\\\/terms-conditions\\\/\",\"url\":\"https:\\\/\\\/esperanza.travel\\\/it\\\/terms-conditions\\\/\",\"name\":\"Terms &amp; Conditions - Esperanza Travel\",\"isPartOf\":{\"@id\":\"https:\\\/\\\/esperanza.travel\\\/#website\"},\"datePublished\":\"2024-12-22T14:12:30+00:00\",\"dateModified\":\"2024-12-30T15:25:03+00:00\",\"breadcrumb\":{\"@id\":\"https:\\\/\\\/esperanza.travel\\\/it\\\/terms-conditions\\\/#breadcrumb\"},\"inLanguage\":\"it-IT\",\"potentialAction\":[{\"@type\":\"ReadAction\",\"target\":[\"https:\\\/\\\/esperanza.travel\\\/it\\\/terms-conditions\\\/\"]}]},{\"@type\":\"BreadcrumbList\",\"@id\":\"https:\\\/\\\/esperanza.travel\\\/it\\\/terms-conditions\\\/#breadcrumb\",\"itemListElement\":[{\"@type\":\"ListItem\",\"position\":1,\"name\":\"Home\",\"item\":\"https:\\\/\\\/esperanza.travel\\\/it\\\/\"},{\"@type\":\"ListItem\",\"position\":2,\"name\":\"Terms &amp; Conditions\"}]},{\"@type\":\"WebSite\",\"@id\":\"https:\\\/\\\/esperanza.travel\\\/#website\",\"url\":\"https:\\\/\\\/esperanza.travel\\\/\",\"name\":\"Esperanza Travel\",\"description\":\"Your Go-To Travel Agency \",\"potentialAction\":[{\"@type\":\"SearchAction\",\"target\":{\"@type\":\"EntryPoint\",\"urlTemplate\":\"https:\\\/\\\/esperanza.travel\\\/?s={search_term_string}\"},\"query-input\":{\"@type\":\"PropertyValueSpecification\",\"valueRequired\":true,\"valueName\":\"search_term_string\"}}],\"inLanguage\":\"it-IT\"}]}<\/script>\n<!-- \/ Yoast SEO Premium plugin. -->","yoast_head_json":{"title":"Terms &amp; Conditions - Esperanza Travel","robots":{"index":"index","follow":"follow","max-snippet":"max-snippet:-1","max-image-preview":"max-image-preview:large","max-video-preview":"max-video-preview:-1"},"canonical":"https:\/\/esperanza.travel\/it\/terms-conditions\/","og_locale":"it_IT","og_type":"article","og_title":"Terms &amp; Conditions","og_description":"Termini e condizioni Termini e condizioni di prenotazione Tutti i nostri programmi si basano su un presupposto: che tutti gli orari, gli itinerari e le visite siano soggetti alle condizioni di sicurezza comunicate dai Ministeri del Turismo, del Turismo e dalle Agenzie Governative. Partenza garantita con un minimo di 2 passeggeri. Passaporto obbligatorio con validit\u00e0 [&hellip;]","og_url":"https:\/\/esperanza.travel\/it\/terms-conditions\/","og_site_name":"Esperanza Travel","article_modified_time":"2024-12-30T15:25:03+00:00","twitter_card":"summary_large_image","twitter_misc":{"Tempo di lettura stimato":"4 minuti"},"schema":{"@context":"https:\/\/schema.org","@graph":[{"@type":"WebPage","@id":"https:\/\/esperanza.travel\/it\/terms-conditions\/","url":"https:\/\/esperanza.travel\/it\/terms-conditions\/","name":"Terms &amp; Conditions - Esperanza Travel","isPartOf":{"@id":"https:\/\/esperanza.travel\/#website"},"datePublished":"2024-12-22T14:12:30+00:00","dateModified":"2024-12-30T15:25:03+00:00","breadcrumb":{"@id":"https:\/\/esperanza.travel\/it\/terms-conditions\/#breadcrumb"},"inLanguage":"it-IT","potentialAction":[{"@type":"ReadAction","target":["https:\/\/esperanza.travel\/it\/terms-conditions\/"]}]},{"@type":"BreadcrumbList","@id":"https:\/\/esperanza.travel\/it\/terms-conditions\/#breadcrumb","itemListElement":[{"@type":"ListItem","position":1,"name":"Home","item":"https:\/\/esperanza.travel\/it\/"},{"@type":"ListItem","position":2,"name":"Terms &amp; Conditions"}]},{"@type":"WebSite","@id":"https:\/\/esperanza.travel\/#website","url":"https:\/\/esperanza.travel\/","name":"Esperanza Travel","description":"Your Go-To Travel Agency ","potentialAction":[{"@type":"SearchAction","target":{"@type":"EntryPoint","urlTemplate":"https:\/\/esperanza.travel\/?s={search_term_string}"},"query-input":{"@type":"PropertyValueSpecification","valueRequired":true,"valueName":"search_term_string"}}],"inLanguage":"it-IT"}]}},"_links":{"self":[{"href":"https:\/\/esperanza.travel\/it\/wp-json\/wp\/v2\/pages\/10989","targetHints":{"allow":["GET"]}}],"collection":[{"href":"https:\/\/esperanza.travel\/it\/wp-json\/wp\/v2\/pages"}],"about":[{"href":"https:\/\/esperanza.travel\/it\/wp-json\/wp\/v2\/types\/page"}],"author":[{"embeddable":true,"href":"https:\/\/esperanza.travel\/it\/wp-json\/wp\/v2\/users\/1"}],"replies":[{"embeddable":true,"href":"https:\/\/esperanza.travel\/it\/wp-json\/wp\/v2\/comments?post=10989"}],"version-history":[{"count":1,"href":"https:\/\/esperanza.travel\/it\/wp-json\/wp\/v2\/pages\/10989\/revisions"}],"predecessor-version":[{"id":10990,"href":"https:\/\/esperanza.travel\/it\/wp-json\/wp\/v2\/pages\/10989\/revisions\/10990"}],"wp:attachment":[{"href":"https:\/\/esperanza.travel\/it\/wp-json\/wp\/v2\/media?parent=10989"}],"curies":[{"name":"wp","href":"https:\/\/api.w.org\/{rel}","templated":true}]}}