{"id":10922,"date":"2022-06-07T01:29:39","date_gmt":"2022-06-07T01:29:39","guid":{"rendered":"https:\/\/esperanza.travel\/sobre\/"},"modified":"2024-12-30T13:38:00","modified_gmt":"2024-12-30T13:38:00","slug":"sobre","status":"publish","type":"page","link":"https:\/\/esperanza.travel\/pt-pt\/sobre\/","title":{"rendered":"Sobre"},"content":{"rendered":"\t\t<div data-elementor-type=\"wp-page\" data-elementor-id=\"10922\" class=\"elementor elementor-10922 elementor-297\">\n\t\t\t\t\t\t<section class=\"elementor-section elementor-top-section elementor-element elementor-element-d068c9f elementor-section-full_width elementor-section-height-min-height elementor-section-height-default elementor-section-items-middle\" data-id=\"d068c9f\" data-element_type=\"section\" data-settings=\"{&quot;background_background&quot;:&quot;classic&quot;}\">\n\t\t\t\t\t\t\t<div class=\"elementor-background-overlay\"><\/div>\n\t\t\t\t\t\t\t<div class=\"elementor-container elementor-column-gap-default\">\n\t\t\t\t\t<div class=\"elementor-column elementor-col-100 elementor-top-column elementor-element elementor-element-5ddf38e8\" data-id=\"5ddf38e8\" data-element_type=\"column\">\n\t\t\t<div class=\"elementor-widget-wrap elementor-element-populated\">\n\t\t\t\t\t\t<div class=\"elementor-element elementor-element-d803e71 elementor-widget elementor-widget-heading\" data-id=\"d803e71\" data-element_type=\"widget\" data-widget_type=\"heading.default\">\n\t\t\t\t<div class=\"elementor-widget-container\">\n\t\t\t\t\t<h2 class=\"elementor-heading-title elementor-size-default\">Com Esperanza Descobre o Egito como nunca antes!<\/h2>\t\t\t\t<\/div>\n\t\t\t\t<\/div>\n\t\t\t\t\t<\/div>\n\t\t<\/div>\n\t\t\t\t\t<\/div>\n\t\t<\/section>\n\t\t<div class=\"elementor-element elementor-element-7090ccf e-flex e-con-boxed e-con e-parent\" data-id=\"7090ccf\" data-element_type=\"container\">\n\t\t\t\t\t<div class=\"e-con-inner\">\n\t\t\t\t<div class=\"elementor-element elementor-element-eaec85d elementor-widget elementor-widget-heading\" data-id=\"eaec85d\" data-element_type=\"widget\" data-widget_type=\"heading.default\">\n\t\t\t\t<div class=\"elementor-widget-container\">\n\t\t\t\t\t<h2 class=\"elementor-heading-title elementor-size-default\">Sobre Esperanza<\/h2>\t\t\t\t<\/div>\n\t\t\t\t<\/div>\n\t\t\t\t<div class=\"elementor-element elementor-element-891c502 elementor-widget elementor-widget-heading\" data-id=\"891c502\" data-element_type=\"widget\" data-widget_type=\"heading.default\">\n\t\t\t\t<div class=\"elementor-widget-container\">\n\t\t\t\t\t<p class=\"elementor-heading-title elementor-size-default\">Somos um agente que foi estabelecido em 2010 para organizar todo o tipo de viagens e viagens no M\u00e9dio Oriente sob o n\u00famero de licen\u00e7a 1879 e n\u00famero Iata 90261802. trabalhamos com as melhores qualifica\u00e7\u00f5es e responsabilidade e a longa experi\u00eancia da nossa equipa de trabalho para ajudar e ajudar a oferecer-te os melhores servi\u00e7os para os nossos h\u00f3spedes que nos procuram de todo o mundo para desfrutar dos nossos servi\u00e7os. Prometemos mostrar-te e dar-te tudo o que h\u00e1 de melhor.<\/p>\t\t\t\t<\/div>\n\t\t\t\t<\/div>\n\t\t\t\t\t<\/div>\n\t\t\t\t<\/div>\n\t\t<div class=\"elementor-element elementor-element-1a0d1b9 e-flex e-con-boxed e-con e-parent\" data-id=\"1a0d1b9\" data-element_type=\"container\">\n\t\t\t\t\t<div class=\"e-con-inner\">\n\t\t<div class=\"elementor-element elementor-element-12ac400 e-con-full e-flex e-con e-child\" data-id=\"12ac400\" data-element_type=\"container\">\n\t\t\t\t<div class=\"elementor-element elementor-element-571b3a8 elementor-widget elementor-widget-heading\" data-id=\"571b3a8\" data-element_type=\"widget\" data-widget_type=\"heading.default\">\n\t\t\t\t<div class=\"elementor-widget-container\">\n\t\t\t\t\t<h3 class=\"elementor-heading-title elementor-size-default\">A nossa miss\u00e3o<\/h3>\t\t\t\t<\/div>\n\t\t\t\t<\/div>\n\t\t\t\t<div class=\"elementor-element elementor-element-fc36dc0 elementor-widget elementor-widget-heading\" data-id=\"fc36dc0\" data-element_type=\"widget\" data-widget_type=\"heading.default\">\n\t\t\t\t<div class=\"elementor-widget-container\">\n\t\t\t\t\t<p class=\"elementor-heading-title elementor-size-default\">Manter o excelente n\u00edvel de capital humano da Empresa, atrav\u00e9s do investimento em novos servi\u00e7os, determinar a excel\u00eancia no atendimento ao cliente levando ao estabelecimento de rela\u00e7\u00f5es de longo prazo com os nossos clientes atrav\u00e9s da dedica\u00e7\u00e3o \u00e0 inova\u00e7\u00e3o e tecnologia avan\u00e7ada, sendo desde j\u00e1 uma refer\u00eancia no mercado das viagens e na ind\u00fastria do turismo.<\/p>\t\t\t\t<\/div>\n\t\t\t\t<\/div>\n\t\t\t\t<\/div>\n\t\t<div class=\"elementor-element elementor-element-92d93f3 e-con-full e-flex e-con e-child\" data-id=\"92d93f3\" data-element_type=\"container\">\n\t\t<div class=\"elementor-element elementor-element-9b10223 e-con-full e-flex e-con e-child\" data-id=\"9b10223\" data-element_type=\"container\">\n\t\t\t\t<div class=\"elementor-element elementor-element-6b3ec11 elementor-widget elementor-widget-heading\" data-id=\"6b3ec11\" data-element_type=\"widget\" data-widget_type=\"heading.default\">\n\t\t\t\t<div class=\"elementor-widget-container\">\n\t\t\t\t\t<h3 class=\"elementor-heading-title elementor-size-default\">A nossa vis\u00e3o<\/h3>\t\t\t\t<\/div>\n\t\t\t\t<\/div>\n\t\t\t\t<div class=\"elementor-element elementor-element-c6ac612 elementor-widget elementor-widget-heading\" data-id=\"c6ac612\" data-element_type=\"widget\" data-widget_type=\"heading.default\">\n\t\t\t\t<div class=\"elementor-widget-container\">\n\t\t\t\t\t<p class=\"elementor-heading-title elementor-size-default\">Fornecer servi\u00e7os de qualidade que excedam as expectativas dos nossos estimados clientes e ser reconhecida como uma das melhores ag\u00eancias de viagens do M\u00e9dio Oriente pelo nosso profissionalismo, efici\u00eancia, alta qualidade e servi\u00e7os personalizados.<\/p>\t\t\t\t<\/div>\n\t\t\t\t<\/div>\n\t\t\t\t<\/div>\n\t\t<div class=\"elementor-element elementor-element-3683d07 e-con-full e-flex e-con e-child\" data-id=\"3683d07\" data-element_type=\"container\">\n\t\t\t\t<div class=\"elementor-element elementor-element-57fb657 elementor-widget elementor-widget-heading\" data-id=\"57fb657\" data-element_type=\"widget\" data-widget_type=\"heading.default\">\n\t\t\t\t<div class=\"elementor-widget-container\">\n\t\t\t\t\t<h3 class=\"elementor-heading-title elementor-size-default\">O nosso objetivo<\/h3>\t\t\t\t<\/div>\n\t\t\t\t<\/div>\n\t\t\t\t<div class=\"elementor-element elementor-element-e87e07e elementor-widget elementor-widget-heading\" data-id=\"e87e07e\" data-element_type=\"widget\" data-widget_type=\"heading.default\">\n\t\t\t\t<div class=\"elementor-widget-container\">\n\t\t\t\t\t<p class=\"elementor-heading-title elementor-size-default\">Tamb\u00e9m tens um estilo civil pr\u00f3prio. Perfeitamente ofendido, tentou acrescentar o arranjo da idade, concluiu o cavalheiro. Obt\u00e9m quem, de forma invulgar, a nossa express\u00e3o dez, cada vez mais considerada uma viagem ocasional.<\/p>\t\t\t\t<\/div>\n\t\t\t\t<\/div>\n\t\t\t\t<\/div>\n\t\t\t\t<\/div>\n\t\t\t\t\t<\/div>\n\t\t\t\t<\/div>\n\t\t\t\t<\/div>\n\t\t","protected":false},"excerpt":{"rendered":"<p>Com Esperanza Descobre o Egito como nunca antes! Sobre Esperanza Somos um agente que foi estabelecido em 2010 para organizar todo o tipo de viagens e viagens no M\u00e9dio Oriente sob o n\u00famero de licen\u00e7a 1879 e n\u00famero Iata 90261802. trabalhamos com as melhores qualifica\u00e7\u00f5es e responsabilidade e a longa experi\u00eancia da nossa equipa de [&hellip;]<\/p>\n","protected":false},"author":1,"featured_media":0,"parent":0,"menu_order":0,"comment_status":"closed","ping_status":"closed","template":"template-blank.php","meta":{"footnotes":""},"class_list":["post-10922","page","type-page","status-publish","has-post-thumbnail","hentry"],"yoast_head":"<!-- This site is optimized with the Yoast SEO Premium plugin v27.0 (Yoast SEO v27.4) - https:\/\/yoast.com\/product\/yoast-seo-premium-wordpress\/ -->\n<title>Sobre - Esperanza Travel<\/title>\n<meta name=\"robots\" content=\"index, follow, max-snippet:-1, max-image-preview:large, max-video-preview:-1\" \/>\n<link rel=\"canonical\" href=\"https:\/\/esperanza.travel\/pt-pt\/sobre\/\" \/>\n<meta property=\"og:locale\" content=\"pt_PT\" \/>\n<meta property=\"og:type\" content=\"article\" \/>\n<meta property=\"og:title\" content=\"Sobre\" \/>\n<meta property=\"og:description\" content=\"Com Esperanza Descobre o Egito como nunca antes! Sobre Esperanza Somos um agente que foi estabelecido em 2010 para organizar todo o tipo de viagens e viagens no M\u00e9dio Oriente sob o n\u00famero de licen\u00e7a 1879 e n\u00famero Iata 90261802. trabalhamos com as melhores qualifica\u00e7\u00f5es e responsabilidade e a longa experi\u00eancia da nossa equipa de [&hellip;]\" \/>\n<meta property=\"og:url\" content=\"https:\/\/esperanza.travel\/pt-pt\/sobre\/\" \/>\n<meta property=\"og:site_name\" content=\"Esperanza Travel\" \/>\n<meta property=\"article:modified_time\" content=\"2024-12-30T13:38:00+00:00\" \/>\n<meta name=\"twitter:card\" content=\"summary_large_image\" \/>\n<meta name=\"twitter:label1\" content=\"Tempo estimado de leitura\" \/>\n\t<meta name=\"twitter:data1\" content=\"1 minuto\" \/>\n<script type=\"application\/ld+json\" class=\"yoast-schema-graph\">{\"@context\":\"https:\\\/\\\/schema.org\",\"@graph\":[{\"@type\":\"WebPage\",\"@id\":\"https:\\\/\\\/esperanza.travel\\\/pt-pt\\\/sobre\\\/\",\"url\":\"https:\\\/\\\/esperanza.travel\\\/pt-pt\\\/sobre\\\/\",\"name\":\"Sobre - Esperanza Travel\",\"isPartOf\":{\"@id\":\"https:\\\/\\\/esperanza.travel\\\/#website\"},\"datePublished\":\"2022-06-07T01:29:39+00:00\",\"dateModified\":\"2024-12-30T13:38:00+00:00\",\"breadcrumb\":{\"@id\":\"https:\\\/\\\/esperanza.travel\\\/pt-pt\\\/sobre\\\/#breadcrumb\"},\"inLanguage\":\"pt-PT\",\"potentialAction\":[{\"@type\":\"ReadAction\",\"target\":[\"https:\\\/\\\/esperanza.travel\\\/pt-pt\\\/sobre\\\/\"]}]},{\"@type\":\"BreadcrumbList\",\"@id\":\"https:\\\/\\\/esperanza.travel\\\/pt-pt\\\/sobre\\\/#breadcrumb\",\"itemListElement\":[{\"@type\":\"ListItem\",\"position\":1,\"name\":\"Home\",\"item\":\"https:\\\/\\\/esperanza.travel\\\/pt-pt\\\/\"},{\"@type\":\"ListItem\",\"position\":2,\"name\":\"Sobre\"}]},{\"@type\":\"WebSite\",\"@id\":\"https:\\\/\\\/esperanza.travel\\\/#website\",\"url\":\"https:\\\/\\\/esperanza.travel\\\/\",\"name\":\"Esperanza Travel\",\"description\":\"Your Go-To Travel Agency \",\"potentialAction\":[{\"@type\":\"SearchAction\",\"target\":{\"@type\":\"EntryPoint\",\"urlTemplate\":\"https:\\\/\\\/esperanza.travel\\\/?s={search_term_string}\"},\"query-input\":{\"@type\":\"PropertyValueSpecification\",\"valueRequired\":true,\"valueName\":\"search_term_string\"}}],\"inLanguage\":\"pt-PT\"}]}<\/script>\n<!-- \/ Yoast SEO Premium plugin. -->","yoast_head_json":{"title":"Sobre - Esperanza Travel","robots":{"index":"index","follow":"follow","max-snippet":"max-snippet:-1","max-image-preview":"max-image-preview:large","max-video-preview":"max-video-preview:-1"},"canonical":"https:\/\/esperanza.travel\/pt-pt\/sobre\/","og_locale":"pt_PT","og_type":"article","og_title":"Sobre","og_description":"Com Esperanza Descobre o Egito como nunca antes! Sobre Esperanza Somos um agente que foi estabelecido em 2010 para organizar todo o tipo de viagens e viagens no M\u00e9dio Oriente sob o n\u00famero de licen\u00e7a 1879 e n\u00famero Iata 90261802. trabalhamos com as melhores qualifica\u00e7\u00f5es e responsabilidade e a longa experi\u00eancia da nossa equipa de [&hellip;]","og_url":"https:\/\/esperanza.travel\/pt-pt\/sobre\/","og_site_name":"Esperanza Travel","article_modified_time":"2024-12-30T13:38:00+00:00","twitter_card":"summary_large_image","twitter_misc":{"Tempo estimado de leitura":"1 minuto"},"schema":{"@context":"https:\/\/schema.org","@graph":[{"@type":"WebPage","@id":"https:\/\/esperanza.travel\/pt-pt\/sobre\/","url":"https:\/\/esperanza.travel\/pt-pt\/sobre\/","name":"Sobre - Esperanza Travel","isPartOf":{"@id":"https:\/\/esperanza.travel\/#website"},"datePublished":"2022-06-07T01:29:39+00:00","dateModified":"2024-12-30T13:38:00+00:00","breadcrumb":{"@id":"https:\/\/esperanza.travel\/pt-pt\/sobre\/#breadcrumb"},"inLanguage":"pt-PT","potentialAction":[{"@type":"ReadAction","target":["https:\/\/esperanza.travel\/pt-pt\/sobre\/"]}]},{"@type":"BreadcrumbList","@id":"https:\/\/esperanza.travel\/pt-pt\/sobre\/#breadcrumb","itemListElement":[{"@type":"ListItem","position":1,"name":"Home","item":"https:\/\/esperanza.travel\/pt-pt\/"},{"@type":"ListItem","position":2,"name":"Sobre"}]},{"@type":"WebSite","@id":"https:\/\/esperanza.travel\/#website","url":"https:\/\/esperanza.travel\/","name":"Esperanza Travel","description":"Your Go-To Travel Agency ","potentialAction":[{"@type":"SearchAction","target":{"@type":"EntryPoint","urlTemplate":"https:\/\/esperanza.travel\/?s={search_term_string}"},"query-input":{"@type":"PropertyValueSpecification","valueRequired":true,"valueName":"search_term_string"}}],"inLanguage":"pt-PT"}]}},"_links":{"self":[{"href":"https:\/\/esperanza.travel\/pt-pt\/wp-json\/wp\/v2\/pages\/10922","targetHints":{"allow":["GET"]}}],"collection":[{"href":"https:\/\/esperanza.travel\/pt-pt\/wp-json\/wp\/v2\/pages"}],"about":[{"href":"https:\/\/esperanza.travel\/pt-pt\/wp-json\/wp\/v2\/types\/page"}],"author":[{"embeddable":true,"href":"https:\/\/esperanza.travel\/pt-pt\/wp-json\/wp\/v2\/users\/1"}],"replies":[{"embeddable":true,"href":"https:\/\/esperanza.travel\/pt-pt\/wp-json\/wp\/v2\/comments?post=10922"}],"version-history":[{"count":1,"href":"https:\/\/esperanza.travel\/pt-pt\/wp-json\/wp\/v2\/pages\/10922\/revisions"}],"predecessor-version":[{"id":10924,"href":"https:\/\/esperanza.travel\/pt-pt\/wp-json\/wp\/v2\/pages\/10922\/revisions\/10924"}],"wp:attachment":[{"href":"https:\/\/esperanza.travel\/pt-pt\/wp-json\/wp\/v2\/media?parent=10922"}],"curies":[{"name":"wp","href":"https:\/\/api.w.org\/{rel}","templated":true}]}}