{"id":10994,"date":"2024-12-22T14:12:30","date_gmt":"2024-12-22T14:12:30","guid":{"rendered":"https:\/\/esperanza.travel\/terms-conditions\/"},"modified":"2024-12-30T15:25:03","modified_gmt":"2024-12-30T15:25:03","slug":"terms-conditions","status":"publish","type":"page","link":"https:\/\/esperanza.travel\/pt-pt\/terms-conditions\/","title":{"rendered":"Terms &amp; Conditions"},"content":{"rendered":"\t\t<div data-elementor-type=\"wp-page\" data-elementor-id=\"10994\" class=\"elementor elementor-10994 elementor-10240\">\n\t\t\t\t<div class=\"elementor-element elementor-element-019a916 e-flex e-con-boxed e-con e-parent\" data-id=\"019a916\" data-element_type=\"container\">\n\t\t\t\t\t<div class=\"e-con-inner\">\n\t\t\t\t<div class=\"elementor-element elementor-element-cc41a22 elementor-widget elementor-widget-heading\" data-id=\"cc41a22\" data-element_type=\"widget\" data-widget_type=\"heading.default\">\n\t\t\t\t<div class=\"elementor-widget-container\">\n\t\t\t\t\t<h2 class=\"elementor-heading-title elementor-size-default\">Termos e Condi\u00e7\u00f5es<\/h2>\t\t\t\t<\/div>\n\t\t\t\t<\/div>\n\t\t\t\t\t<\/div>\n\t\t\t\t<\/div>\n\t\t<div class=\"elementor-element elementor-element-c79449b e-flex e-con-boxed e-con e-parent\" data-id=\"c79449b\" data-element_type=\"container\">\n\t\t\t\t\t<div class=\"e-con-inner\">\n\t\t\t\t<div class=\"elementor-element elementor-element-58ac393 elementor-widget elementor-widget-text-editor\" data-id=\"58ac393\" data-element_type=\"widget\" data-widget_type=\"text-editor.default\">\n\t\t\t\t<div class=\"elementor-widget-container\">\n\t\t\t\t\t\t\t\t\t<p><strong><span style=\"font-size: 14pt;\">Termos e Condi\u00e7\u00f5es de Reserva<\/span><\/strong><\/p>\n<ol>\n<li><span style=\"font-size: 12pt;\">Todos os nossos programas partem de uma premissa: todos os hor\u00e1rios, itiner\u00e1rios e visitas est\u00e3o sujeitos \u00e0s condi\u00e7\u00f5es de seguran\u00e7a informadas pelos Minist\u00e9rios do Turismo, Secretarias de Turismo e Organismos Governamentais.<\/span><\/li>\n<li><span style=\"font-size: 12pt;\">Partida garantida com um m\u00ednimo de 2 passageiros.<\/span><\/li>\n<li><span style=\"font-size: 12pt;\"> Passaporte obrigat\u00f3rio com validade m\u00ednima de 06 meses a contar da data de regresso dessa viagem.<\/span><\/li>\n<li><span style=\"font-size: 12pt;\"> As passagens a\u00e9reas, quando inclu\u00eddas no itiner\u00e1rio, s\u00e3o emitidas com restri\u00e7\u00f5es e n\u00e3o podem ser reembolsadas, mesmo que a nossa operadora n\u00e3o siga as regras das companhias a\u00e9reas dos pa\u00edses.<\/span><\/li>\n<li><span style=\"font-size: 12pt;\">Os voos dom\u00e9sticos do Cairo para Assu\u00e3o e Luxor partem muito cedo de manh\u00e3 (por este motivo, o pequeno-almo\u00e7o ser\u00e1 compacto nesse dia (caixa de pequeno-almo\u00e7o). Se optar por voar mais tarde ou por conta pr\u00f3pria, dever\u00e1 ser informado antes da viagem pelo menos 45 dias antes. <\/span><\/li>\n<li><span style=\"font-size: 12pt;\">As refei\u00e7\u00f5es consideradas inclu\u00eddas s\u00e3o servidas em restaurantes t\u00edpicos e de boa qualidade, mas n\u00e3o incluem bebidas.<\/span><\/li>\n<li><span style=\"font-size: 12pt;\">O cruzeiro pelo rio Nilo oferece op\u00e7\u00f5es de menu internacional com refei\u00e7\u00f5es t\u00edpicas orientais e ocidentais, bebidas n\u00e3o inclu\u00eddas.<\/span><\/li>\n<li><span style=\"font-size: 12pt;\">Upon arrival at the destination , a tip is usually collected from tourists, mentioned in the program, to be distributed among the porters and waiters who worked in the hotels and on the cruise.<\/span><\/li>\n<li><span style=\"font-size: 12pt;\">Hotel accommodation generally meets international Check in and Check out criteria.<\/span><\/li>\n<li><span style=\"font-size: 12pt;\">Airline tickets, when included in the itinerary, are issued at promotional fares subject to restrictions. Always check the baggage allowance. <\/span><\/li>\n<li><span style=\"font-size: 12pt;\">Prices reported here are subject to change without notice and seat availability.<\/span><\/li>\n<li><span style=\"font-size: 12pt;\">Rates subject to change due to conferences and events or holidays at the destinations.<\/span><\/li>\n<li><span style=\"font-size: 12pt;\">Breakfast included in the itineraries follows the schedules established by the hotels. If you need to leave the hotel before this service begins, it will not be provided and there will be no refund. <\/span><\/li>\n<li><span style=\"font-size: 12pt;\">For operational reasons, the order of the tours may be modified without prior notice.<\/span><\/li>\n<li><span style=\"font-size: 12pt;\">The hotels planned are subject to possible variations to similar hotels at any time, without prior notice, of the same category or higher, never lower.<\/span><\/li>\n<li><span style=\"font-size: 12pt;\">These routes are usually carried out in groups, made up of passengers of various nationalities in the other destinations with a guide who speaks Portuguese or Spanish. In case there are no other passengers on the requested date, the tour will depart in the same way, individually. or in small groups, which may be made up of different people each day.  <\/span><\/li>\n<li><span style=\"font-size: 12pt;\">For small family groups and friends, a new quote must be made in <strong>PRIVATE GROUP MODE.<\/strong><\/span><\/li>\n<li><span style=\"font-size: 12pt;\">Cost of calls or transfers to airports as a result of delays or loss of luggage (loss of luggage is the sole responsibility of the airline and additional costs resulting from the loss will be charged separately and a receipt will be issued so that the passenger can reimburse the insurance company.<\/span><\/li>\n<li><span style=\"font-size: 12pt;\">Check Early or Check Later (check in starts at 15:00 on the day of arrival and check out ends at 12:00 on the last day) Flights arriving before the time will be charged an additional night if passengers wish to enter or leave the room before the time determined, at the time of check in.<\/span><\/li>\n<li><span style=\"font-size: 12pt;\">Prices are based on a minimum of 2 people &#8211; for individual trips.<\/span><\/li>\n<li><span style=\"font-size: 12pt;\">Prices are subject to change in accordance with the price of tickets\/entrance fees to tourist sites or any increase in the price of gasoline, or devaluation of the currency.<\/span><\/li>\n<li><span style=\"font-size: 12pt;\">Optional tours can be booked at the destinations with the receptive company.<\/span><\/li>\n<li><span style=\"font-size: 12pt;\">Emergency telephones available 24 hours a day, 7 days a week.<\/span><\/li>\n<li><span style=\"font-size: 12pt;\">All reservations must be paid by bank transfer to our bank account before the arrival of the passengers.<\/span><\/li>\n<li><span style=\"font-size: 12pt;\">Esperanza Travel reserves the right to cancel any reservation if prepayment has not been made.<\/span><\/li>\n<li><span style=\"font-size: 12pt;\">At the time of booking, a deposit of 50% of the total payment is required to proceed with the reservation of hotels, domestic flight tickets and services.<\/span><\/li>\n<li><span style=\"font-size: 12pt;\">The remaining payment (50%) must be made at least one month before the arrival of the clients. Otherwise, Esperanza Travel has the right not to operate the services for said clients, even if they have our Voucher and Boucher. <\/span><\/li>\n<\/ol>\n<p><span style=\"font-size: 12pt;\"><strong>Cancellation Policy<\/strong><\/span><\/p>\n<ul>\n<li><span style=\"font-size: 12pt;\">If the reservation is cancelled one month or more before arrival, there will be no cancellation fees (except for the cancellation of domestic flights booked, a cancellation fee of 50% of the price is charged).<\/span><\/li>\n<li><span style=\"font-size: 12pt;\">If the reservation is cancelled one month before arrival (during high season) the cancellation fee is charged at 50% of the total bill.<\/span><\/li>\n<li><span style=\"font-size: 12pt;\">If the reservation is cancelled between 2 weeks before or a few days before arrival, cancellation fees will be charged at 50% of the total bill.<\/span><\/li>\n<li><span style=\"font-size: 12pt;\">In case of No Show without prior notice, 50% of the total invoice will be charged.<\/span><\/li>\n<\/ul>\n<p><strong><span style=\"font-size: 14pt;\">Important note<\/span><\/strong><\/p>\n<ul>\n<li><span style=\"font-size: 12pt;\">During free days, clients do not have transportation or a local guide.<\/span><\/li>\n<\/ul>\n<p><strong><span style=\"font-size: 14pt;\">Complaints<\/span><\/strong><\/p>\n<ul>\n<li><span style=\"font-size: 12pt;\">Passengers who consider that they have not received the services purchased at their place of origin must submit a written letter before leaving the country. Any complaint upon arrival in the country of origin will not be taken into account as described above. <\/span><\/li>\n<\/ul>\n\t\t\t\t\t\t\t\t<\/div>\n\t\t\t\t<\/div>\n\t\t\t\t\t<\/div>\n\t\t\t\t<\/div>\n\t\t\t\t<\/div>\n\t\t","protected":false},"excerpt":{"rendered":"<p>Termos e Condi\u00e7\u00f5es Termos e Condi\u00e7\u00f5es de Reserva Todos os nossos programas partem de uma premissa: todos os hor\u00e1rios, itiner\u00e1rios e visitas est\u00e3o sujeitos \u00e0s condi\u00e7\u00f5es de seguran\u00e7a informadas pelos Minist\u00e9rios do Turismo, Secretarias de Turismo e Organismos Governamentais. Partida garantida com um m\u00ednimo de 2 passageiros. Passaporte obrigat\u00f3rio com validade m\u00ednima de 06 meses [&hellip;]<\/p>\n","protected":false},"author":1,"featured_media":0,"parent":0,"menu_order":0,"comment_status":"closed","ping_status":"closed","template":"template-blank.php","meta":{"footnotes":""},"class_list":["post-10994","page","type-page","status-publish","has-post-thumbnail","hentry"],"yoast_head":"<!-- This site is optimized with the Yoast SEO Premium plugin v27.0 (Yoast SEO v27.4) - https:\/\/yoast.com\/product\/yoast-seo-premium-wordpress\/ -->\n<title>Terms &amp; Conditions - Esperanza Travel<\/title>\n<meta name=\"robots\" content=\"index, follow, max-snippet:-1, max-image-preview:large, max-video-preview:-1\" \/>\n<link rel=\"canonical\" href=\"https:\/\/esperanza.travel\/pt-pt\/terms-conditions\/\" \/>\n<meta property=\"og:locale\" content=\"pt_PT\" \/>\n<meta property=\"og:type\" content=\"article\" \/>\n<meta property=\"og:title\" content=\"Terms &amp; Conditions\" \/>\n<meta property=\"og:description\" content=\"Termos e Condi\u00e7\u00f5es Termos e Condi\u00e7\u00f5es de Reserva Todos os nossos programas partem de uma premissa: todos os hor\u00e1rios, itiner\u00e1rios e visitas est\u00e3o sujeitos \u00e0s condi\u00e7\u00f5es de seguran\u00e7a informadas pelos Minist\u00e9rios do Turismo, Secretarias de Turismo e Organismos Governamentais. Partida garantida com um m\u00ednimo de 2 passageiros. Passaporte obrigat\u00f3rio com validade m\u00ednima de 06 meses [&hellip;]\" \/>\n<meta property=\"og:url\" content=\"https:\/\/esperanza.travel\/pt-pt\/terms-conditions\/\" \/>\n<meta property=\"og:site_name\" content=\"Esperanza Travel\" \/>\n<meta property=\"article:modified_time\" content=\"2024-12-30T15:25:03+00:00\" \/>\n<meta name=\"twitter:card\" content=\"summary_large_image\" \/>\n<meta name=\"twitter:label1\" content=\"Tempo estimado de leitura\" \/>\n\t<meta name=\"twitter:data1\" content=\"4 minutos\" \/>\n<script type=\"application\/ld+json\" class=\"yoast-schema-graph\">{\"@context\":\"https:\\\/\\\/schema.org\",\"@graph\":[{\"@type\":\"WebPage\",\"@id\":\"https:\\\/\\\/esperanza.travel\\\/pt-pt\\\/terms-conditions\\\/\",\"url\":\"https:\\\/\\\/esperanza.travel\\\/pt-pt\\\/terms-conditions\\\/\",\"name\":\"Terms &amp; Conditions - Esperanza Travel\",\"isPartOf\":{\"@id\":\"https:\\\/\\\/esperanza.travel\\\/#website\"},\"datePublished\":\"2024-12-22T14:12:30+00:00\",\"dateModified\":\"2024-12-30T15:25:03+00:00\",\"breadcrumb\":{\"@id\":\"https:\\\/\\\/esperanza.travel\\\/pt-pt\\\/terms-conditions\\\/#breadcrumb\"},\"inLanguage\":\"pt-PT\",\"potentialAction\":[{\"@type\":\"ReadAction\",\"target\":[\"https:\\\/\\\/esperanza.travel\\\/pt-pt\\\/terms-conditions\\\/\"]}]},{\"@type\":\"BreadcrumbList\",\"@id\":\"https:\\\/\\\/esperanza.travel\\\/pt-pt\\\/terms-conditions\\\/#breadcrumb\",\"itemListElement\":[{\"@type\":\"ListItem\",\"position\":1,\"name\":\"Home\",\"item\":\"https:\\\/\\\/esperanza.travel\\\/pt-pt\\\/\"},{\"@type\":\"ListItem\",\"position\":2,\"name\":\"Terms &amp; Conditions\"}]},{\"@type\":\"WebSite\",\"@id\":\"https:\\\/\\\/esperanza.travel\\\/#website\",\"url\":\"https:\\\/\\\/esperanza.travel\\\/\",\"name\":\"Esperanza Travel\",\"description\":\"Your Go-To Travel Agency \",\"potentialAction\":[{\"@type\":\"SearchAction\",\"target\":{\"@type\":\"EntryPoint\",\"urlTemplate\":\"https:\\\/\\\/esperanza.travel\\\/?s={search_term_string}\"},\"query-input\":{\"@type\":\"PropertyValueSpecification\",\"valueRequired\":true,\"valueName\":\"search_term_string\"}}],\"inLanguage\":\"pt-PT\"}]}<\/script>\n<!-- \/ Yoast SEO Premium plugin. -->","yoast_head_json":{"title":"Terms &amp; Conditions - Esperanza Travel","robots":{"index":"index","follow":"follow","max-snippet":"max-snippet:-1","max-image-preview":"max-image-preview:large","max-video-preview":"max-video-preview:-1"},"canonical":"https:\/\/esperanza.travel\/pt-pt\/terms-conditions\/","og_locale":"pt_PT","og_type":"article","og_title":"Terms &amp; Conditions","og_description":"Termos e Condi\u00e7\u00f5es Termos e Condi\u00e7\u00f5es de Reserva Todos os nossos programas partem de uma premissa: todos os hor\u00e1rios, itiner\u00e1rios e visitas est\u00e3o sujeitos \u00e0s condi\u00e7\u00f5es de seguran\u00e7a informadas pelos Minist\u00e9rios do Turismo, Secretarias de Turismo e Organismos Governamentais. Partida garantida com um m\u00ednimo de 2 passageiros. Passaporte obrigat\u00f3rio com validade m\u00ednima de 06 meses [&hellip;]","og_url":"https:\/\/esperanza.travel\/pt-pt\/terms-conditions\/","og_site_name":"Esperanza Travel","article_modified_time":"2024-12-30T15:25:03+00:00","twitter_card":"summary_large_image","twitter_misc":{"Tempo estimado de leitura":"4 minutos"},"schema":{"@context":"https:\/\/schema.org","@graph":[{"@type":"WebPage","@id":"https:\/\/esperanza.travel\/pt-pt\/terms-conditions\/","url":"https:\/\/esperanza.travel\/pt-pt\/terms-conditions\/","name":"Terms &amp; Conditions - Esperanza Travel","isPartOf":{"@id":"https:\/\/esperanza.travel\/#website"},"datePublished":"2024-12-22T14:12:30+00:00","dateModified":"2024-12-30T15:25:03+00:00","breadcrumb":{"@id":"https:\/\/esperanza.travel\/pt-pt\/terms-conditions\/#breadcrumb"},"inLanguage":"pt-PT","potentialAction":[{"@type":"ReadAction","target":["https:\/\/esperanza.travel\/pt-pt\/terms-conditions\/"]}]},{"@type":"BreadcrumbList","@id":"https:\/\/esperanza.travel\/pt-pt\/terms-conditions\/#breadcrumb","itemListElement":[{"@type":"ListItem","position":1,"name":"Home","item":"https:\/\/esperanza.travel\/pt-pt\/"},{"@type":"ListItem","position":2,"name":"Terms &amp; Conditions"}]},{"@type":"WebSite","@id":"https:\/\/esperanza.travel\/#website","url":"https:\/\/esperanza.travel\/","name":"Esperanza Travel","description":"Your Go-To Travel Agency ","potentialAction":[{"@type":"SearchAction","target":{"@type":"EntryPoint","urlTemplate":"https:\/\/esperanza.travel\/?s={search_term_string}"},"query-input":{"@type":"PropertyValueSpecification","valueRequired":true,"valueName":"search_term_string"}}],"inLanguage":"pt-PT"}]}},"_links":{"self":[{"href":"https:\/\/esperanza.travel\/pt-pt\/wp-json\/wp\/v2\/pages\/10994","targetHints":{"allow":["GET"]}}],"collection":[{"href":"https:\/\/esperanza.travel\/pt-pt\/wp-json\/wp\/v2\/pages"}],"about":[{"href":"https:\/\/esperanza.travel\/pt-pt\/wp-json\/wp\/v2\/types\/page"}],"author":[{"embeddable":true,"href":"https:\/\/esperanza.travel\/pt-pt\/wp-json\/wp\/v2\/users\/1"}],"replies":[{"embeddable":true,"href":"https:\/\/esperanza.travel\/pt-pt\/wp-json\/wp\/v2\/comments?post=10994"}],"version-history":[{"count":1,"href":"https:\/\/esperanza.travel\/pt-pt\/wp-json\/wp\/v2\/pages\/10994\/revisions"}],"predecessor-version":[{"id":10995,"href":"https:\/\/esperanza.travel\/pt-pt\/wp-json\/wp\/v2\/pages\/10994\/revisions\/10995"}],"wp:attachment":[{"href":"https:\/\/esperanza.travel\/pt-pt\/wp-json\/wp\/v2\/media?parent=10994"}],"curies":[{"name":"wp","href":"https:\/\/api.w.org\/{rel}","templated":true}]}}